{"id":2710,"date":"2012-03-02T11:23:33","date_gmt":"2012-03-02T10:23:33","guid":{"rendered":"http:\/\/www.meinesteuersoftware.de\/news\/?page_id=2710"},"modified":"2017-01-27T10:48:44","modified_gmt":"2017-01-27T09:48:44","slug":"anmelden","status":"publish","type":"page","link":"https:\/\/www.meinesteuersoftware.de\/news\/anmelden\/","title":{"rendered":"Anmelden zum kostenlosen Steuer-Newsletter"},"content":{"rendered":"<p>Melden Sie sich kostenlos und unverbindlich zum Steuer-Newsletter an.<\/p>\n<h2>Was ist das?<\/h2>\n<p>Sie erhalten regelm\u00e4\u00dfig aktuelle Informationen per Email \u00fcber die private Steuererkl\u00e4rung &#8211; nat\u00fcrlich kostenlos. Momentan wird die Email alle 14 Tage verschickt.<\/p>\n<p>Wir haben den Steuer-Newsletter ins Leben gerufen, um unsere Besucher (d.h. Sie) \u00fcber aktuelle Themen auf dem Laufen zu halten &#8211; ohne, dass Sie dazu regelm\u00e4\u00dfig auf unserer Website vorbei schauen m\u00fcssen. Der Newsletter fasst die Themen zusammen und bietet zus\u00e4tzlich noch Links auf weitere interessante Seiten. Sie sind also immer auf dem Laufenden, ohne etwas machen zu m\u00fcssen.<\/p>\n<h2>Was passiert mit Ihren Daten?<\/h2>\n<p>Zum Empfang des Newsletters wird eine g\u00fcltige Emailadresse ben\u00f6tigt. Sie erhalten an diese Email eine Best\u00e4tigungsmail &#8211; damit wird sichergestellt, dass der Empf\u00e4nger auch wirklich die Nachrichten abonniert hat.\u00a0Ihre Emailadresse wird nicht weitergegeben oder weiterverkauft. Auch wir m\u00f6gen keinen Spam.<\/p>\n<p>Sollten Sie kein Interesse mehr an den Steuer-News haben, k\u00f6nnen Sie diesen jederzeit abbestellen. In jeder Email ist am Ende ein Link zu finden, um das Abonnement zu beenden.<\/p>\n<h2>Anmeldung<\/h2>\n<link href=\"\/\/cdn-images.mailchimp.com\/embedcode\/classic-10_7.css\" rel=\"stylesheet\" type=\"text\/css\">\n<style type=\"text\/css\">\n#mc_embed_signup .mc-field-group input {\n  width: 500px;\n}\n#mc_embed_signup #mc-embedded-subscribe {\n    width: 500px;\n    padding: 8px 0;\n    margin: 0;\n}\n<\/style>\n<div id=\"mc_embed_signup\">\n<form action=\"\/\/meinesteuersoftware.us1.list-manage.com\/subscribe\/post?u=e54ee7ec5ed517a9ce65dd215&amp;id=c2cabe722a\" method=\"post\" id=\"mc-embedded-subscribe-form\" name=\"mc-embedded-subscribe-form\" class=\"validate\" target=\"_blank\" novalidate>\n<div id=\"mc_embed_signup_scroll\">\n<div class=\"mc-field-group\">\n\t<input type=\"email\" value=\"\" name=\"EMAIL\" class=\"required email\" id=\"mce-EMAIL\" placeholder=\"Ihre E-Mail Adresse\">\n<\/div>\n<div id=\"mce-responses\" class=\"clear\">\n<div class=\"response\" id=\"mce-error-response\" style=\"display:none\"><\/div>\n<div class=\"response\" id=\"mce-success-response\" style=\"display:none\"><\/div>\n<\/p><\/div>\n<div style=\"position: absolute; left: -5000px;\" aria-hidden=\"true\"><input type=\"text\" name=\"b_e54ee7ec5ed517a9ce65dd215_c2cabe722a\" tabindex=\"-1\" value=\"\"><\/div>\n<div class=\"clear\"><input type=\"submit\" value=\"Jetzt kostenlos anmelden\" name=\"subscribe\" id=\"mc-embedded-subscribe\" class=\"btn\"><\/div>\n<\/p><\/div>\n<\/form>\n<\/div>\n<p><script type='text\/javascript' src='\/\/s3.amazonaws.com\/downloads.mailchimp.com\/js\/mc-validate.js'><\/script><script type='text\/javascript'>(function($) {window.fnames = new Array(); window.ftypes = new Array();fnames[0]='EMAIL';ftypes[0]='email';fnames[1]='FNAME';ftypes[1]='text';fnames[2]='LNAME';ftypes[2]='text'; \n$.extend($.validator.messages, {\n\trequired: \"Dieses Feld ist ein Pflichtfeld.\",\n\tmaxlength: $.validator.format(\"Geben Sie bitte maximal {0} Zeichen ein.\"),\n\tminlength: $.validator.format(\"Geben Sie bitte mindestens {0} Zeichen ein.\"),\n\trangelength: $.validator.format(\"Geben Sie bitte mindestens {0} und maximal {1} Zeichen ein.\"),\n\temail: \"Geben Sie bitte eine g\u00fcltige E-Mail Adresse ein.\",\n\turl: \"Geben Sie bitte eine g\u00fcltige URL ein.\",\n\tdate: \"Bitte geben Sie ein g\u00fcltiges Datum ein.\",\n\tnumber: \"Geben Sie bitte eine Nummer ein.\",\n\tdigits: \"Geben Sie bitte nur Ziffern ein.\",\n\tequalTo: \"Bitte denselben Wert wiederholen.\",\n\trange: $.validator.format(\"Geben Sie bitten einen Wert zwischen {0} und {1}.\"),\n\tmax: $.validator.format(\"Geben Sie bitte einen Wert kleiner oder gleich {0} ein.\"),\n\tmin: $.validator.format(\"Geben Sie bitte einen Wert gr\u00f6\u00dfer oder gleich {0} ein.\"),\n\tcreditcard: \"Geben Sie bitte ein g\u00fcltige Kreditkarten-Nummer ein.\"\n});}(jQuery));var $mcj = jQuery.noConflict(true);<\/script><\/p>\n","protected":false},"excerpt":{"rendered":"<p>Melden Sie sich kostenlos und unverbindlich zum Steuer-Newsletter an. Was ist das? Sie erhalten regelm\u00e4\u00dfig aktuelle Informationen per Email \u00fcber die private Steuererkl\u00e4rung &#8211; nat\u00fcrlich kostenlos. Momentan wird die Email alle 14 Tage verschickt. Wir haben den Steuer-Newsletter ins Leben gerufen, um unsere Besucher (d.h. Sie) \u00fcber aktuelle Themen auf dem Laufen zu halten &#8211; [&hellip;]<\/p>\n","protected":false},"author":1,"featured_media":0,"parent":0,"menu_order":0,"comment_status":"closed","ping_status":"closed","template":"","meta":[],"_links":{"self":[{"href":"https:\/\/www.meinesteuersoftware.de\/news\/wp-json\/wp\/v2\/pages\/2710"}],"collection":[{"href":"https:\/\/www.meinesteuersoftware.de\/news\/wp-json\/wp\/v2\/pages"}],"about":[{"href":"https:\/\/www.meinesteuersoftware.de\/news\/wp-json\/wp\/v2\/types\/page"}],"author":[{"embeddable":true,"href":"https:\/\/www.meinesteuersoftware.de\/news\/wp-json\/wp\/v2\/users\/1"}],"replies":[{"embeddable":true,"href":"https:\/\/www.meinesteuersoftware.de\/news\/wp-json\/wp\/v2\/comments?post=2710"}],"version-history":[{"count":15,"href":"https:\/\/www.meinesteuersoftware.de\/news\/wp-json\/wp\/v2\/pages\/2710\/revisions"}],"predecessor-version":[{"id":2726,"href":"https:\/\/www.meinesteuersoftware.de\/news\/wp-json\/wp\/v2\/pages\/2710\/revisions\/2726"}],"wp:attachment":[{"href":"https:\/\/www.meinesteuersoftware.de\/news\/wp-json\/wp\/v2\/media?parent=2710"}],"curies":[{"name":"wp","href":"https:\/\/api.w.org\/{rel}","templated":true}]}}